{"id":1374,"date":"2022-08-01T11:16:19","date_gmt":"2022-08-01T11:16:19","guid":{"rendered":"https:\/\/bellohorizonte.es\/blog\/"},"modified":"2022-08-09T06:17:13","modified_gmt":"2022-08-09T06:17:13","slug":"blog","status":"publish","type":"page","link":"https:\/\/bellohorizonte.es\/en\/blog\/","title":{"rendered":"Blog"},"content":{"rendered":"\t\t<div data-elementor-type=\"wp-page\" data-elementor-id=\"1374\" class=\"elementor elementor-1374 elementor-659\" data-elementor-post-type=\"page\">\n\t\t\t\t\t\t<section class=\"elementor-section elementor-top-section elementor-element elementor-element-debf869 elementor-section-full_width elementor-section-height-default elementor-section-height-default\" data-id=\"debf869\" data-element_type=\"section\" data-e-type=\"section\">\n\t\t\t\t\t\t<div class=\"elementor-container elementor-column-gap-default\">\n\t\t\t\t\t<div class=\"elementor-column elementor-col-100 elementor-top-column elementor-element elementor-element-c95736b\" data-id=\"c95736b\" data-element_type=\"column\" data-e-type=\"column\">\n\t\t\t<div class=\"elementor-widget-wrap elementor-element-populated\">\n\t\t\t\t\t\t<div class=\"elementor-element elementor-element-ec3924f elementor-grid-3 elementor-grid-tablet-2 elementor-grid-mobile-1 elementor-posts--thumbnail-top elementor-widget elementor-widget-posts\" data-id=\"ec3924f\" data-element_type=\"widget\" data-e-type=\"widget\" data-settings=\"{&quot;pagination_type&quot;:&quot;load_more_infinite_scroll&quot;,&quot;classic_columns&quot;:&quot;3&quot;,&quot;classic_columns_tablet&quot;:&quot;2&quot;,&quot;classic_columns_mobile&quot;:&quot;1&quot;,&quot;classic_row_gap&quot;:{&quot;unit&quot;:&quot;px&quot;,&quot;size&quot;:35,&quot;sizes&quot;:[]},&quot;classic_row_gap_tablet&quot;:{&quot;unit&quot;:&quot;px&quot;,&quot;size&quot;:&quot;&quot;,&quot;sizes&quot;:[]},&quot;classic_row_gap_mobile&quot;:{&quot;unit&quot;:&quot;px&quot;,&quot;size&quot;:&quot;&quot;,&quot;sizes&quot;:[]},&quot;load_more_spinner&quot;:{&quot;value&quot;:&quot;fas fa-spinner&quot;,&quot;library&quot;:&quot;fa-solid&quot;}}\" data-widget_type=\"posts.classic\">\n\t\t\t\t<div class=\"elementor-widget-container\">\n\t\t\t\t\t\t\t<div class=\"elementor-posts-container elementor-posts elementor-posts--skin-classic elementor-grid\" role=\"list\">\n\t\t\t\t<article class=\"elementor-post elementor-grid-item post-1609 post type-post status-publish format-standard has-post-thumbnail hentry category-uncategorized\" role=\"listitem\">\n\t\t\t\t<a class=\"elementor-post__thumbnail__link\" href=\"https:\/\/bellohorizonte.es\/en\/armonia-y-alegria-en-nuestras-casas\/\" tabindex=\"-1\" >\n\t\t\t<div class=\"elementor-post__thumbnail\"><img fetchpriority=\"high\" decoding=\"async\" width=\"597\" height=\"295\" src=\"https:\/\/bellohorizonte.es\/wp-content\/uploads\/2022\/11\/BELLOHORIZONTE_DECO_LEXQUISITE_MAG-6-1-e1667837058319.jpg\" class=\"attachment-medium_large size-medium_large wp-image-1620\" alt=\"\" srcset=\"https:\/\/bellohorizonte.es\/wp-content\/uploads\/2022\/11\/BELLOHORIZONTE_DECO_LEXQUISITE_MAG-6-1-e1667837058319.jpg 597w, https:\/\/bellohorizonte.es\/wp-content\/uploads\/2022\/11\/BELLOHORIZONTE_DECO_LEXQUISITE_MAG-6-1-e1667837058319-300x148.jpg 300w\" sizes=\"(max-width: 597px) 100vw, 597px\" \/><\/div>\n\t\t<\/a>\n\t\t\t\t<div class=\"elementor-post__text\">\n\t\t\t\t<h3 class=\"elementor-post__title\">\n\t\t\t<a href=\"https:\/\/bellohorizonte.es\/en\/armonia-y-alegria-en-nuestras-casas\/\" >\n\t\t\t\tArmon\u00eda y alegr\u00eda en nuestras casas&#8230;\t\t\t<\/a>\n\t\t<\/h3>\n\t\t\t\t<div class=\"elementor-post__meta-data\">\n\t\t\t\t\t<span class=\"elementor-post-date\">\n\t\t\t7 de November de 2022\t\t<\/span>\n\t\t\t\t<span class=\"elementor-post-avatar\">\n\t\t\tNo Comments\t\t<\/span>\n\t\t\t\t<\/div>\n\t\t\t\t<div class=\"elementor-post__excerpt\">\n\t\t\t<p>Hemos comprobado, la necesidad de que nuestro hogar desprenda una mezcla deAlegr\u00eda y Armon\u00eda con la que nos carguemos de energ\u00eda y positivismo. En Bello<\/p>\n\t\t<\/div>\n\t\t\n\t\t<a class=\"elementor-post__read-more\" href=\"https:\/\/bellohorizonte.es\/en\/armonia-y-alegria-en-nuestras-casas\/\" aria-label=\"Read more about Armon\u00eda y alegr\u00eda en nuestras casas&#8230;\" tabindex=\"-1\" >\n\t\t\tRead more \"\t\t<\/a>\n\n\t\t\t\t<\/div>\n\t\t\t\t<\/article>\n\t\t\t\t<article class=\"elementor-post elementor-grid-item post-1595 post type-post status-publish format-standard has-post-thumbnail hentry category-uncategorized\" role=\"listitem\">\n\t\t\t\t<a class=\"elementor-post__thumbnail__link\" href=\"https:\/\/bellohorizonte.es\/en\/la-decoracion-como-espectaculo\/\" tabindex=\"-1\" >\n\t\t\t<div class=\"elementor-post__thumbnail\"><img decoding=\"async\" width=\"768\" height=\"384\" src=\"https:\/\/bellohorizonte.es\/wp-content\/uploads\/2022\/11\/PRICNIPAL2-768x384-1.jpg\" class=\"attachment-medium_large size-medium_large wp-image-1596\" alt=\"\" srcset=\"https:\/\/bellohorizonte.es\/wp-content\/uploads\/2022\/11\/PRICNIPAL2-768x384-1.jpg 768w, https:\/\/bellohorizonte.es\/wp-content\/uploads\/2022\/11\/PRICNIPAL2-768x384-1-300x150.jpg 300w\" sizes=\"(max-width: 768px) 100vw, 768px\" \/><\/div>\n\t\t<\/a>\n\t\t\t\t<div class=\"elementor-post__text\">\n\t\t\t\t<h3 class=\"elementor-post__title\">\n\t\t\t<a href=\"https:\/\/bellohorizonte.es\/en\/la-decoracion-como-espectaculo\/\" >\n\t\t\t\tLa decoraci\u00f3n como espect\u00e1culo\t\t\t<\/a>\n\t\t<\/h3>\n\t\t\t\t<div class=\"elementor-post__meta-data\">\n\t\t\t\t\t<span class=\"elementor-post-date\">\n\t\t\t7 de November de 2022\t\t<\/span>\n\t\t\t\t<span class=\"elementor-post-avatar\">\n\t\t\tNo Comments\t\t<\/span>\n\t\t\t\t<\/div>\n\t\t\t\t<div class=\"elementor-post__excerpt\">\n\t\t\t<p>En Bello Horizonte sabemos que la decoraci\u00f3n, como expresi\u00f3n la moda es c\u00edclica y lastendencias siempre se inspiran en algo que ya vimos adaptando a<\/p>\n\t\t<\/div>\n\t\t\n\t\t<a class=\"elementor-post__read-more\" href=\"https:\/\/bellohorizonte.es\/en\/la-decoracion-como-espectaculo\/\" aria-label=\"Read more about La decoraci\u00f3n como espect\u00e1culo\" tabindex=\"-1\" >\n\t\t\tRead more \"\t\t<\/a>\n\n\t\t\t\t<\/div>\n\t\t\t\t<\/article>\n\t\t\t\t<article class=\"elementor-post elementor-grid-item post-1585 post type-post status-publish format-standard has-post-thumbnail hentry category-uncategorized\" role=\"listitem\">\n\t\t\t\t<a class=\"elementor-post__thumbnail__link\" href=\"https:\/\/bellohorizonte.es\/en\/nuevo-tiempo-para-decorar\/\" tabindex=\"-1\" >\n\t\t\t<div class=\"elementor-post__thumbnail\"><img decoding=\"async\" width=\"768\" height=\"384\" src=\"https:\/\/bellohorizonte.es\/wp-content\/uploads\/2022\/11\/PRINCIPAL-1-768x384-1-1.jpg\" class=\"attachment-medium_large size-medium_large wp-image-1586\" alt=\"\" srcset=\"https:\/\/bellohorizonte.es\/wp-content\/uploads\/2022\/11\/PRINCIPAL-1-768x384-1-1.jpg 768w, https:\/\/bellohorizonte.es\/wp-content\/uploads\/2022\/11\/PRINCIPAL-1-768x384-1-1-300x150.jpg 300w\" sizes=\"(max-width: 768px) 100vw, 768px\" \/><\/div>\n\t\t<\/a>\n\t\t\t\t<div class=\"elementor-post__text\">\n\t\t\t\t<h3 class=\"elementor-post__title\">\n\t\t\t<a href=\"https:\/\/bellohorizonte.es\/en\/nuevo-tiempo-para-decorar\/\" >\n\t\t\t\tNuevo tiempo para decorar\t\t\t<\/a>\n\t\t<\/h3>\n\t\t\t\t<div class=\"elementor-post__meta-data\">\n\t\t\t\t\t<span class=\"elementor-post-date\">\n\t\t\t7 de November de 2022\t\t<\/span>\n\t\t\t\t<span class=\"elementor-post-avatar\">\n\t\t\tNo Comments\t\t<\/span>\n\t\t\t\t<\/div>\n\t\t\t\t<div class=\"elementor-post__excerpt\">\n\t\t\t<p>Entre los muchos placeres que nos ofrece la estaci\u00f3n que se avecina, como pasear porla playa escuchando las olas, el bosque con el sonido de<\/p>\n\t\t<\/div>\n\t\t\n\t\t<a class=\"elementor-post__read-more\" href=\"https:\/\/bellohorizonte.es\/en\/nuevo-tiempo-para-decorar\/\" aria-label=\"Read more about Nuevo tiempo para decorar\" tabindex=\"-1\" >\n\t\t\tRead more \"\t\t<\/a>\n\n\t\t\t\t<\/div>\n\t\t\t\t<\/article>\n\t\t\t\t<article class=\"elementor-post elementor-grid-item post-1567 post type-post status-publish format-standard has-post-thumbnail hentry category-uncategorized\" role=\"listitem\">\n\t\t\t\t<a class=\"elementor-post__thumbnail__link\" href=\"https:\/\/bellohorizonte.es\/en\/el-toque-personal-en-tu-hogar\/\" tabindex=\"-1\" >\n\t\t\t<div class=\"elementor-post__thumbnail\"><img loading=\"lazy\" decoding=\"async\" width=\"768\" height=\"503\" src=\"https:\/\/bellohorizonte.es\/wp-content\/uploads\/2022\/11\/bello_horizonte1-1-scaled-e1667834165533-768x503.jpg\" class=\"attachment-medium_large size-medium_large wp-image-1570\" alt=\"\" srcset=\"https:\/\/bellohorizonte.es\/wp-content\/uploads\/2022\/11\/bello_horizonte1-1-scaled-e1667834165533-768x503.jpg 768w, https:\/\/bellohorizonte.es\/wp-content\/uploads\/2022\/11\/bello_horizonte1-1-scaled-e1667834165533-300x196.jpg 300w, https:\/\/bellohorizonte.es\/wp-content\/uploads\/2022\/11\/bello_horizonte1-1-scaled-e1667834165533-1024x671.jpg 1024w, https:\/\/bellohorizonte.es\/wp-content\/uploads\/2022\/11\/bello_horizonte1-1-scaled-e1667834165533-1536x1006.jpg 1536w, https:\/\/bellohorizonte.es\/wp-content\/uploads\/2022\/11\/bello_horizonte1-1-scaled-e1667834165533.jpg 2022w\" sizes=\"(max-width: 768px) 100vw, 768px\" \/><\/div>\n\t\t<\/a>\n\t\t\t\t<div class=\"elementor-post__text\">\n\t\t\t\t<h3 class=\"elementor-post__title\">\n\t\t\t<a href=\"https:\/\/bellohorizonte.es\/en\/el-toque-personal-en-tu-hogar\/\" >\n\t\t\t\tEl toque personal en tu hogar\t\t\t<\/a>\n\t\t<\/h3>\n\t\t\t\t<div class=\"elementor-post__meta-data\">\n\t\t\t\t\t<span class=\"elementor-post-date\">\n\t\t\t7 de November de 2022\t\t<\/span>\n\t\t\t\t<span class=\"elementor-post-avatar\">\n\t\t\tNo Comments\t\t<\/span>\n\t\t\t\t<\/div>\n\t\t\t\t<div class=\"elementor-post__excerpt\">\n\t\t\t<p>Llena tu hogar de estilo y elegancia con la nueva tendencia en decoraci\u00f3n\u2026 el \u201cBohoChic\u201d est\u00e1 m\u00e1s de actualidad que nunca, y con esta corriente<\/p>\n\t\t<\/div>\n\t\t\n\t\t<a class=\"elementor-post__read-more\" href=\"https:\/\/bellohorizonte.es\/en\/el-toque-personal-en-tu-hogar\/\" aria-label=\"Read more about El toque personal en tu hogar\" tabindex=\"-1\" >\n\t\t\tRead more \"\t\t<\/a>\n\n\t\t\t\t<\/div>\n\t\t\t\t<\/article>\n\t\t\t\t<article class=\"elementor-post elementor-grid-item post-696 post type-post status-publish format-standard has-post-thumbnail hentry category-uncategorized\" role=\"listitem\">\n\t\t\t\t<a class=\"elementor-post__thumbnail__link\" href=\"https:\/\/bellohorizonte.es\/en\/all-of-the-seasons-latest-arrivals-at-bello-horizonte\/\" tabindex=\"-1\" >\n\t\t\t<div class=\"elementor-post__thumbnail\"><img loading=\"lazy\" decoding=\"async\" width=\"683\" height=\"454\" src=\"https:\/\/bellohorizonte.es\/wp-content\/uploads\/2022\/04\/tyyu.jpg\" class=\"attachment-medium_large size-medium_large wp-image-706\" alt=\"\" srcset=\"https:\/\/bellohorizonte.es\/wp-content\/uploads\/2022\/04\/tyyu.jpg 683w, https:\/\/bellohorizonte.es\/wp-content\/uploads\/2022\/04\/tyyu-300x199.jpg 300w\" sizes=\"(max-width: 683px) 100vw, 683px\" \/><\/div>\n\t\t<\/a>\n\t\t\t\t<div class=\"elementor-post__text\">\n\t\t\t\t<h3 class=\"elementor-post__title\">\n\t\t\t<a href=\"https:\/\/bellohorizonte.es\/en\/all-of-the-seasons-latest-arrivals-at-bello-horizonte\/\" >\n\t\t\t\tAll Of The Season&#8217;s Latest Arrivals At Bello Horizonte\t\t\t<\/a>\n\t\t<\/h3>\n\t\t\t\t<div class=\"elementor-post__meta-data\">\n\t\t\t\t\t<span class=\"elementor-post-date\">\n\t\t\t20 de April de 2022\t\t<\/span>\n\t\t\t\t<span class=\"elementor-post-avatar\">\n\t\t\tNo Comments\t\t<\/span>\n\t\t\t\t<\/div>\n\t\t\t\t<div class=\"elementor-post__excerpt\">\n\t\t\t<p>We have updated our showroom with a rather rudimentary concept full of details in wood, leather, and neutral hues that blend design, beauty, and comfort.<\/p>\n\t\t<\/div>\n\t\t\n\t\t<a class=\"elementor-post__read-more\" href=\"https:\/\/bellohorizonte.es\/en\/all-of-the-seasons-latest-arrivals-at-bello-horizonte\/\" aria-label=\"Read more about All Of The Season&#8217;s Latest Arrivals At Bello Horizonte\" tabindex=\"-1\" >\n\t\t\tRead more \"\t\t<\/a>\n\n\t\t\t\t<\/div>\n\t\t\t\t<\/article>\n\t\t\t\t<article class=\"elementor-post elementor-grid-item post-722 post type-post status-publish format-standard has-post-thumbnail hentry\" role=\"listitem\">\n\t\t\t\t<a class=\"elementor-post__thumbnail__link\" href=\"https:\/\/bellohorizonte.es\/en\/brighten-your-home-with-our-gorgeous-spring-decor-proposals\/\" tabindex=\"-1\" >\n\t\t\t<div class=\"elementor-post__thumbnail\"><img loading=\"lazy\" decoding=\"async\" width=\"768\" height=\"523\" src=\"https:\/\/bellohorizonte.es\/wp-content\/uploads\/2022\/03\/IMG-2524-768x523.jpg\" class=\"attachment-medium_large size-medium_large wp-image-729\" alt=\"\" srcset=\"https:\/\/bellohorizonte.es\/wp-content\/uploads\/2022\/03\/IMG-2524-768x523.jpg 768w, https:\/\/bellohorizonte.es\/wp-content\/uploads\/2022\/03\/IMG-2524-300x204.jpg 300w, https:\/\/bellohorizonte.es\/wp-content\/uploads\/2022\/03\/IMG-2524-1024x698.jpg 1024w, https:\/\/bellohorizonte.es\/wp-content\/uploads\/2022\/03\/IMG-2524.jpg 1242w\" sizes=\"(max-width: 768px) 100vw, 768px\" \/><\/div>\n\t\t<\/a>\n\t\t\t\t<div class=\"elementor-post__text\">\n\t\t\t\t<h3 class=\"elementor-post__title\">\n\t\t\t<a href=\"https:\/\/bellohorizonte.es\/en\/brighten-your-home-with-our-gorgeous-spring-decor-proposals\/\" >\n\t\t\t\tBrighten Your Home With Our Gorgeous Spring Decor Proposals\t\t\t<\/a>\n\t\t<\/h3>\n\t\t\t\t<div class=\"elementor-post__meta-data\">\n\t\t\t\t\t<span class=\"elementor-post-date\">\n\t\t\t23 de March de 2022\t\t<\/span>\n\t\t\t\t<span class=\"elementor-post-avatar\">\n\t\t\tNo Comments\t\t<\/span>\n\t\t\t\t<\/div>\n\t\t\t\t<div class=\"elementor-post__excerpt\">\n\t\t\t<p>Something about spring arouses in us a need to restore and replenish. Consider drastic hairstyles, lighter clothing, and, yes, new furniture and accessories. Whether you<\/p>\n\t\t<\/div>\n\t\t\n\t\t<a class=\"elementor-post__read-more\" href=\"https:\/\/bellohorizonte.es\/en\/brighten-your-home-with-our-gorgeous-spring-decor-proposals\/\" aria-label=\"Read more about Brighten Your Home With Our Gorgeous Spring Decor Proposals\" tabindex=\"-1\" >\n\t\t\tRead more \"\t\t<\/a>\n\n\t\t\t\t<\/div>\n\t\t\t\t<\/article>\n\t\t\t\t<\/div>\n\t\t\t\t\t<span class=\"e-load-more-spinner\">\n\t\t\t\t<i aria-hidden=\"true\" class=\"fas fa-spinner\"><\/i>\t\t\t<\/span>\n\t\t\n\t\t\t\t<div class=\"e-load-more-anchor\" data-page=\"1\" data-max-page=\"5\" data-next-page=\"https:\/\/bellohorizonte.es\/en\/wp-json\/wp\/v2\/pages\/1374\/page\/2\/\"><\/div>\n\t\t\t\t<div class=\"e-load-more-message\"><\/div>\n\t\t\t\t\t\t<\/div>\n\t\t\t\t<\/div>\n\t\t\t\t\t<\/div>\n\t\t<\/div>\n\t\t\t\t\t<\/div>\n\t\t<\/section>\n\t\t\t\t<\/div>\n\t\t","protected":false},"excerpt":{"rendered":"","protected":false},"author":1,"featured_media":0,"parent":0,"menu_order":0,"comment_status":"closed","ping_status":"closed","template":"","meta":{"_joinchat":[],"footnotes":""},"class_list":["post-1374","page","type-page","status-publish","hentry"],"_links":{"self":[{"href":"https:\/\/bellohorizonte.es\/en\/wp-json\/wp\/v2\/pages\/1374","targetHints":{"allow":["GET"]}}],"collection":[{"href":"https:\/\/bellohorizonte.es\/en\/wp-json\/wp\/v2\/pages"}],"about":[{"href":"https:\/\/bellohorizonte.es\/en\/wp-json\/wp\/v2\/types\/page"}],"author":[{"embeddable":true,"href":"https:\/\/bellohorizonte.es\/en\/wp-json\/wp\/v2\/users\/1"}],"replies":[{"embeddable":true,"href":"https:\/\/bellohorizonte.es\/en\/wp-json\/wp\/v2\/comments?post=1374"}],"version-history":[{"count":1,"href":"https:\/\/bellohorizonte.es\/en\/wp-json\/wp\/v2\/pages\/1374\/revisions"}],"predecessor-version":[{"id":1375,"href":"https:\/\/bellohorizonte.es\/en\/wp-json\/wp\/v2\/pages\/1374\/revisions\/1375"}],"wp:attachment":[{"href":"https:\/\/bellohorizonte.es\/en\/wp-json\/wp\/v2\/media?parent=1374"}],"curies":[{"name":"wp","href":"https:\/\/api.w.org\/{rel}","templated":true}]}}